{"id":152,"date":"2020-06-17T10:25:48","date_gmt":"2020-06-17T08:25:48","guid":{"rendered":"https:\/\/remorquesjackysoulard.com\/?post_type=product&#038;p=152"},"modified":"2021-03-09T11:07:53","modified_gmt":"2021-03-09T10:07:53","slug":"remorque-benne-wm-meyer-simple-double-essieu-roues-dessous-serie-hkcr","status":"publish","type":"product","link":"https:\/\/remorquesjackysoulard.com\/index.php\/produit\/remorque-benne-wm-meyer-simple-double-essieu-roues-dessous-serie-hkcr\/","title":{"rendered":"REMORQUE BENNE WM MEYER SIMPLE\/DOUBLE ESSIEU ROUES DESSOUS S\u00c9RIE HKCR"},"content":{"rendered":"<p>[et_pb_section fb_built=\u00a0\u00bb1&Prime; _builder_version=\u00a0\u00bb3.22&Prime; custom_padding=\u00a0\u00bb0px||||false|false\u00a0\u00bb][et_pb_row _builder_version=\u00a0\u00bb3.25&Prime; background_size=\u00a0\u00bbinitial\u00a0\u00bb background_position=\u00a0\u00bbtop_left\u00a0\u00bb background_repeat=\u00a0\u00bbrepeat\u00a0\u00bb width=\u00a0\u00bb100%\u00a0\u00bb custom_padding=\u00a0\u00bb0px||0px||false|false\u00a0\u00bb][et_pb_column type=\u00a0\u00bb4_4&Prime; _builder_version=\u00a0\u00bb3.25&Prime; custom_padding=\u00a0\u00bb|||\u00a0\u00bb custom_padding__hover=\u00a0\u00bb|||\u00a0\u00bb][et_pb_wc_breadcrumb _builder_version=\u00a0\u00bb3.0.47&Prime;][\/et_pb_wc_breadcrumb][et_pb_wc_cart_notice _builder_version=\u00a0\u00bb3.0.47&Prime;][\/et_pb_wc_cart_notice][\/et_pb_column][\/et_pb_row][et_pb_row column_structure=\u00a0\u00bb1_2,1_2&Prime; _builder_version=\u00a0\u00bb3.25&Prime; background_size=\u00a0\u00bbinitial\u00a0\u00bb background_position=\u00a0\u00bbtop_left\u00a0\u00bb background_repeat=\u00a0\u00bbrepeat\u00a0\u00bb width=\u00a0\u00bb100%\u00a0\u00bb custom_padding=\u00a0\u00bb0px||||false|false\u00a0\u00bb][et_pb_column type=\u00a0\u00bb1_2&Prime; _builder_version=\u00a0\u00bb3.25&Prime; custom_padding=\u00a0\u00bb|||\u00a0\u00bb custom_padding__hover=\u00a0\u00bb|||\u00a0\u00bb][et_pb_wc_images _builder_version=\u00a0\u00bb3.0.47&Prime;][\/et_pb_wc_images][\/et_pb_column][et_pb_column type=\u00a0\u00bb1_2&Prime; _builder_version=\u00a0\u00bb3.25&Prime; custom_padding=\u00a0\u00bb|||\u00a0\u00bb custom_padding__hover=\u00a0\u00bb|||\u00a0\u00bb][et_pb_wc_title _builder_version=\u00a0\u00bb3.0.47&Prime;][\/et_pb_wc_title][et_pb_wc_rating _builder_version=\u00a0\u00bb3.0.47&Prime;][\/et_pb_wc_rating][et_pb_wc_price _builder_version=\u00a0\u00bb3.0.47&Prime;][\/et_pb_wc_price][et_pb_wc_description _builder_version=\u00a0\u00bb3.0.47&Prime;][\/et_pb_wc_description][et_pb_wc_add_to_cart _builder_version=\u00a0\u00bb3.0.47&Prime;][\/et_pb_wc_add_to_cart][et_pb_wc_meta _builder_version=\u00a0\u00bb3.0.47&Prime;][\/et_pb_wc_meta][et_pb_button button_url=\u00a0\u00bbmailto:contact@remorquesjackysoulard.com\u00a0\u00bb button_text=\u00a0\u00bbNous contacter \u00a0\u00bb _builder_version=\u00a0\u00bb4.7.4&Prime; _module_preset=\u00a0\u00bbdefault\u00a0\u00bb global_module=\u00a0\u00bb714&Prime;][\/et_pb_button][\/et_pb_column][\/et_pb_row][\/et_pb_section]<\/p>\n","protected":false},"excerpt":{"rendered":"<p>La HKCR de chez Wm Meyer \u00ae vous offre un plancher en m\u00e9tal et un ch\u00e2ssis boulonn\u00e9, essieu(x) et timon galvanis\u00e9, une formidable stabilit\u00e9.<\/p>\n<p><img loading=\"lazy\" decoding=\"async\" class=\"alignnone size-medium wp-image-117\" src=\"https:\/\/remorquesjackysoulard.com\/wp-content\/uploads\/2020\/06\/wm-meyer-LOGO-300x85.jpg\" alt=\"\" width=\"300\" height=\"85\" \/><\/p>\n","protected":false},"featured_media":153,"comment_status":"open","ping_status":"closed","template":"","meta":{"_et_pb_use_builder":"on","_et_pb_old_content":"<div class=\"itemIntroText\">\r\n<div class=\"itemIntroText\">\r\n<div class=\"itemIntroText\">\r\n<div class=\"itemIntroText\">\r\n<div class=\"itemIntroText\">\r\n<div class=\"itemIntroText\">\r\n\r\n<strong>La HKCR de chez Wm Meyer \u00ae vous offre un plancher en m\u00e9tal et un ch\u00e2ssis boulonn\u00e9, essieu(x) et timon galvanis\u00e9, une formidable stabilit\u00e9.<\/strong>\r\n\r\n<\/div>\r\n<div class=\"itemFullText\">\r\n\r\nPlancher m\u00e9tal, roue jockey renforc\u00e9e (automatique \u00e0 partir des mod\u00e8les en 2 700 kg), ridelles en aluminium anodis\u00e9 h 330 mm amovibles, ridelle arri\u00e8re basculante dans les deux sens, pompe hydraulique manuelle (\u00e9lectrique en option). Longueur int\u00e9rieure de 2.69 \u00e0 3.19 m. Largeur int\u00e9rieure 1.55 \u00e0 1.86m. PTAC 1 300 \u00e0 3 500 kg. Pneumatiques 13 pouces.\r\n\r\n<\/div>\r\n<\/div>\r\n<\/div>\r\n<\/div>\r\n<\/div>\r\n<\/div>","_et_gb_content_width":""},"product_brand":[],"product_cat":[17,20],"product_tag":[],"class_list":{"0":"post-152","1":"product","2":"type-product","3":"status-publish","4":"has-post-thumbnail","6":"product_cat-remorques","7":"product_cat-remorques-bennes-et-tri-bennes","9":"first","10":"onbackorder","11":"taxable","12":"shipping-taxable","13":"product-type-simple"},"jetpack_sharing_enabled":true,"_links":{"self":[{"href":"https:\/\/remorquesjackysoulard.com\/index.php\/wp-json\/wp\/v2\/product\/152","targetHints":{"allow":["GET"]}}],"collection":[{"href":"https:\/\/remorquesjackysoulard.com\/index.php\/wp-json\/wp\/v2\/product"}],"about":[{"href":"https:\/\/remorquesjackysoulard.com\/index.php\/wp-json\/wp\/v2\/types\/product"}],"replies":[{"embeddable":true,"href":"https:\/\/remorquesjackysoulard.com\/index.php\/wp-json\/wp\/v2\/comments?post=152"}],"wp:featuredmedia":[{"embeddable":true,"href":"https:\/\/remorquesjackysoulard.com\/index.php\/wp-json\/wp\/v2\/media\/153"}],"wp:attachment":[{"href":"https:\/\/remorquesjackysoulard.com\/index.php\/wp-json\/wp\/v2\/media?parent=152"}],"wp:term":[{"taxonomy":"product_brand","embeddable":true,"href":"https:\/\/remorquesjackysoulard.com\/index.php\/wp-json\/wp\/v2\/product_brand?post=152"},{"taxonomy":"product_cat","embeddable":true,"href":"https:\/\/remorquesjackysoulard.com\/index.php\/wp-json\/wp\/v2\/product_cat?post=152"},{"taxonomy":"product_tag","embeddable":true,"href":"https:\/\/remorquesjackysoulard.com\/index.php\/wp-json\/wp\/v2\/product_tag?post=152"}],"curies":[{"name":"wp","href":"https:\/\/api.w.org\/{rel}","templated":true}]}}