{"id":793,"date":"2020-12-03T16:52:36","date_gmt":"2020-12-03T15:52:36","guid":{"rendered":"https:\/\/remorquesjackysoulard.com\/?post_type=product&#038;p=793"},"modified":"2025-05-22T12:19:36","modified_gmt":"2025-05-22T10:19:36","slug":"remorque-vente-snack-wm-meyer-vke1337-foodtruck","status":"publish","type":"product","link":"https:\/\/remorquesjackysoulard.com\/index.php\/produit\/remorque-vente-snack-wm-meyer-vke1337-foodtruck\/","title":{"rendered":"REMORQUE DE VENTE WM MEYER &#8211; REF. VKE1337\/206 TOP A Version Toute Exigence Confort"},"content":{"rendered":"<p>[et_pb_section fb_built=\u00a0\u00bb1&Prime; _builder_version=\u00a0\u00bb3.22&Prime; custom_padding=\u00a0\u00bb0px||||false|false\u00a0\u00bb][et_pb_row _builder_version=\u00a0\u00bb3.25&Prime; background_size=\u00a0\u00bbinitial\u00a0\u00bb background_position=\u00a0\u00bbtop_left\u00a0\u00bb background_repeat=\u00a0\u00bbrepeat\u00a0\u00bb width=\u00a0\u00bb100%\u00a0\u00bb custom_padding=\u00a0\u00bb0px||0px||false|false\u00a0\u00bb][et_pb_column type=\u00a0\u00bb4_4&Prime; _builder_version=\u00a0\u00bb3.25&Prime; custom_padding=\u00a0\u00bb|||\u00a0\u00bb custom_padding__hover=\u00a0\u00bb|||\u00a0\u00bb][et_pb_wc_breadcrumb _builder_version=\u00a0\u00bb3.0.47&Prime;][\/et_pb_wc_breadcrumb][et_pb_wc_cart_notice _builder_version=\u00a0\u00bb3.0.47&Prime;][\/et_pb_wc_cart_notice][\/et_pb_column][\/et_pb_row][et_pb_row column_structure=\u00a0\u00bb1_2,1_2&Prime; _builder_version=\u00a0\u00bb3.25&Prime; background_size=\u00a0\u00bbinitial\u00a0\u00bb background_position=\u00a0\u00bbtop_left\u00a0\u00bb background_repeat=\u00a0\u00bbrepeat\u00a0\u00bb width=\u00a0\u00bb100%\u00a0\u00bb custom_padding=\u00a0\u00bb0px||||false|false\u00a0\u00bb][et_pb_column type=\u00a0\u00bb1_2&Prime; _builder_version=\u00a0\u00bb3.25&Prime; custom_padding=\u00a0\u00bb|||\u00a0\u00bb custom_padding__hover=\u00a0\u00bb|||\u00a0\u00bb][et_pb_wc_images _builder_version=\u00a0\u00bb3.0.47&Prime;][\/et_pb_wc_images][\/et_pb_column][et_pb_column type=\u00a0\u00bb1_2&Prime; _builder_version=\u00a0\u00bb3.25&Prime; custom_padding=\u00a0\u00bb|||\u00a0\u00bb custom_padding__hover=\u00a0\u00bb|||\u00a0\u00bb][et_pb_wc_title _builder_version=\u00a0\u00bb3.0.47&Prime;][\/et_pb_wc_title][et_pb_wc_rating _builder_version=\u00a0\u00bb3.0.47&Prime;][\/et_pb_wc_rating][et_pb_wc_price _builder_version=\u00a0\u00bb3.0.47&Prime;][\/et_pb_wc_price][et_pb_wc_description _builder_version=\u00a0\u00bb3.0.47&Prime;][\/et_pb_wc_description][et_pb_wc_add_to_cart _builder_version=\u00a0\u00bb3.0.47&Prime;][\/et_pb_wc_add_to_cart][et_pb_wc_meta _builder_version=\u00a0\u00bb3.0.47&Prime;][\/et_pb_wc_meta][et_pb_button button_url=\u00a0\u00bbmailto:contact@remorquesjackysoulard.com\u00a0\u00bb button_text=\u00a0\u00bbNous contacter \u00a0\u00bb _builder_version=\u00a0\u00bb4.7.4&Prime; _module_preset=\u00a0\u00bbdefault\u00a0\u00bb global_module=\u00a0\u00bb714&Prime;][\/et_pb_button][\/et_pb_column][\/et_pb_row][et_pb_row _builder_version=\u00a0\u00bb3.25&Prime; background_size=\u00a0\u00bbinitial\u00a0\u00bb background_position=\u00a0\u00bbtop_left\u00a0\u00bb background_repeat=\u00a0\u00bbrepeat\u00a0\u00bb width=\u00a0\u00bb100%\u00a0\u00bb][et_pb_column type=\u00a0\u00bb4_4&Prime; _builder_version=\u00a0\u00bb3.25&Prime; custom_padding=\u00a0\u00bb|||\u00a0\u00bb custom_padding__hover=\u00a0\u00bb|||\u00a0\u00bb][et_pb_wc_tabs _builder_version=\u00a0\u00bb3.0.47&Prime;] [\/et_pb_wc_tabs][et_pb_wc_upsells _builder_version=\u00a0\u00bb3.0.47&Prime;][\/et_pb_wc_upsells][et_pb_wc_related_products _builder_version=\u00a0\u00bb3.0.47&Prime;][\/et_pb_wc_related_products][\/et_pb_column][\/et_pb_row][\/et_pb_section]<\/p>\n","protected":false},"excerpt":{"rendered":"<div class=\"itemIntroText\">\n<p>PRIX H.T.<\/p>\n<p>PTAC 1300 Kgs &#8211; Poids \u00e0 vide 800 KGs &#8211; Charge utile 500 KGs &#8211; Dimensions utiles 3.70 x 2.06 x h. 2.30m.<\/p>\n<p>EQUIPEMENT STANDARD : Essieu et Timon en V galvanis\u00e9s &#8211; Essieu \u00e0 suspension en caoutchouc avec syst\u00e8me de marche arri\u00e8re automatique &#8211; Ch\u00e2ssis WM Meyer &#8211; Roue Jockey &#8211; Feux 12V &#8211; Profil\u00e9s en alu anodis\u00e9 &#8211; Panneaux en polyester sandwich (25mm) isol\u00e9s, Blanc (~Ral 9016) &#8211; Plancher en bois antid\u00e9rapant et imperm\u00e9abilis\u00e9 &#8211; 1 porte avant fermant \u00e0 cl\u00e9 &#8211; 1 clapet de vente \u00e0 Droite avec verins \u00e0 gaz &#8211; 2 poign\u00e9es ext\u00e9rieures &#8211; 4 b\u00e9quilles \u00e0 manivelle, Marchepied en alu stri\u00e9 sur timon en V devant la porte &#8211; Comptoir et \u00e9tag\u00e8re au dessous, recouverts de m\u00e9lamine &#8211; Etag\u00e8re partag\u00e9e en sections au-dessus du clapet de vente &#8211; Tablette porte-sac rabattable &#8211; Compartiment caisse fermant \u00e0 cl\u00e9 sous le comptoir central &#8211; Plan de travail profondeur 600mm environ, sans casier &#8211; 1 \u00e9vier double int\u00e9gr\u00e9 au placard (2 battants) sur plancher &#8211; Conduites et r\u00e9servoirs d&rsquo;eau fra\u00eeche et us\u00e9e &#8211; Distributeur de savon et de serviettes en papier &#8211; Chauffe-Eau 3 Litres avec prise de courant double &#8211; Eclairage n\u00e9on au-dessus du comptoir central &#8211; 4 prises de courant doubles.<\/p>\n<p><img loading=\"lazy\" decoding=\"async\" class=\"alignnone size-medium wp-image-117\" src=\"https:\/\/remorquesjackysoulard.com\/wp-content\/uploads\/2020\/06\/wm-meyer-LOGO-300x85.jpg\" alt=\"\" width=\"300\" height=\"85\" \/><\/p>\n<\/div>\n","protected":false},"featured_media":797,"comment_status":"open","ping_status":"closed","template":"","meta":{"_et_pb_use_builder":"on","_et_pb_old_content":"Il existe un grand choix de mod\u00e8les de bases : remorques de vente vides, Toute exigence, Toute exigence Confort, Snack, Boulangerie, Vitrine frigorifique. Beaucoup de combinaisons possibles - Grand choix d'options sur demande - Personnalisation sur demande.","_et_gb_content_width":""},"product_brand":[],"product_cat":[17,23,25],"product_tag":[],"class_list":{"0":"post-793","1":"product","2":"type-product","3":"status-publish","4":"has-post-thumbnail","6":"product_cat-remorques","7":"product_cat-remorques-fourgons","8":"product_cat-remorques-stand-vente-magasin","10":"first","11":"instock","12":"taxable","13":"shipping-taxable","14":"purchasable","15":"product-type-simple"},"jetpack_sharing_enabled":true,"_links":{"self":[{"href":"https:\/\/remorquesjackysoulard.com\/index.php\/wp-json\/wp\/v2\/product\/793","targetHints":{"allow":["GET"]}}],"collection":[{"href":"https:\/\/remorquesjackysoulard.com\/index.php\/wp-json\/wp\/v2\/product"}],"about":[{"href":"https:\/\/remorquesjackysoulard.com\/index.php\/wp-json\/wp\/v2\/types\/product"}],"replies":[{"embeddable":true,"href":"https:\/\/remorquesjackysoulard.com\/index.php\/wp-json\/wp\/v2\/comments?post=793"}],"wp:featuredmedia":[{"embeddable":true,"href":"https:\/\/remorquesjackysoulard.com\/index.php\/wp-json\/wp\/v2\/media\/797"}],"wp:attachment":[{"href":"https:\/\/remorquesjackysoulard.com\/index.php\/wp-json\/wp\/v2\/media?parent=793"}],"wp:term":[{"taxonomy":"product_brand","embeddable":true,"href":"https:\/\/remorquesjackysoulard.com\/index.php\/wp-json\/wp\/v2\/product_brand?post=793"},{"taxonomy":"product_cat","embeddable":true,"href":"https:\/\/remorquesjackysoulard.com\/index.php\/wp-json\/wp\/v2\/product_cat?post=793"},{"taxonomy":"product_tag","embeddable":true,"href":"https:\/\/remorquesjackysoulard.com\/index.php\/wp-json\/wp\/v2\/product_tag?post=793"}],"curies":[{"name":"wp","href":"https:\/\/api.w.org\/{rel}","templated":true}]}}