{"id":806,"date":"2020-12-08T11:47:12","date_gmt":"2020-12-08T10:47:12","guid":{"rendered":"https:\/\/remorquesjackysoulard.com\/?post_type=product&#038;p=806"},"modified":"2025-03-11T15:26:54","modified_gmt":"2025-03-11T14:26:54","slug":"remorque-fourgon-wm-meyer-refrigeree-frigo-gamme-azkf","status":"publish","type":"product","link":"https:\/\/remorquesjackysoulard.com\/index.php\/produit\/remorque-fourgon-wm-meyer-refrigeree-frigo-gamme-azkf\/","title":{"rendered":"REMORQUE FOURGON REFRIGEREE WM MEYER AZKF1025\/145"},"content":{"rendered":"<p>[et_pb_section fb_built=\u00a0\u00bb1&Prime; _builder_version=\u00a0\u00bb4.16&Prime; custom_padding=\u00a0\u00bb0px||||false|false\u00a0\u00bb global_colors_info=\u00a0\u00bb{}\u00a0\u00bb][et_pb_row _builder_version=\u00a0\u00bb4.16&Prime; background_size=\u00a0\u00bbinitial\u00a0\u00bb background_position=\u00a0\u00bbtop_left\u00a0\u00bb background_repeat=\u00a0\u00bbrepeat\u00a0\u00bb width=\u00a0\u00bb100%\u00a0\u00bb custom_padding=\u00a0\u00bb0px||0px||false|false\u00a0\u00bb global_colors_info=\u00a0\u00bb{}\u00a0\u00bb][et_pb_column type=\u00a0\u00bb4_4&Prime; _builder_version=\u00a0\u00bb4.16&Prime; custom_padding=\u00a0\u00bb|||\u00a0\u00bb global_colors_info=\u00a0\u00bb{}\u00a0\u00bb custom_padding__hover=\u00a0\u00bb|||\u00a0\u00bb][et_pb_wc_breadcrumb _builder_version=\u00a0\u00bb4.16&Prime; global_colors_info=\u00a0\u00bb{}\u00a0\u00bb][\/et_pb_wc_breadcrumb][et_pb_wc_cart_notice _builder_version=\u00a0\u00bb4.16&Prime; global_colors_info=\u00a0\u00bb{}\u00a0\u00bb][\/et_pb_wc_cart_notice][\/et_pb_column][\/et_pb_row][et_pb_row column_structure=\u00a0\u00bb1_2,1_2&Prime; _builder_version=\u00a0\u00bb4.16&Prime; background_size=\u00a0\u00bbinitial\u00a0\u00bb background_position=\u00a0\u00bbtop_left\u00a0\u00bb background_repeat=\u00a0\u00bbrepeat\u00a0\u00bb width=\u00a0\u00bb100%\u00a0\u00bb custom_padding=\u00a0\u00bb0px||||false|false\u00a0\u00bb global_colors_info=\u00a0\u00bb{}\u00a0\u00bb][et_pb_column type=\u00a0\u00bb1_2&Prime; _builder_version=\u00a0\u00bb4.16&Prime; custom_padding=\u00a0\u00bb|||\u00a0\u00bb global_colors_info=\u00a0\u00bb{}\u00a0\u00bb custom_padding__hover=\u00a0\u00bb|||\u00a0\u00bb][et_pb_wc_images _builder_version=\u00a0\u00bb4.16&Prime; global_colors_info=\u00a0\u00bb{}\u00a0\u00bb][\/et_pb_wc_images][\/et_pb_column][et_pb_column type=\u00a0\u00bb1_2&Prime; _builder_version=\u00a0\u00bb4.16&Prime; custom_padding=\u00a0\u00bb|||\u00a0\u00bb global_colors_info=\u00a0\u00bb{}\u00a0\u00bb custom_padding__hover=\u00a0\u00bb|||\u00a0\u00bb][et_pb_wc_title _builder_version=\u00a0\u00bb4.16&Prime; global_colors_info=\u00a0\u00bb{}\u00a0\u00bb][\/et_pb_wc_title][et_pb_wc_rating _builder_version=\u00a0\u00bb4.16&Prime; global_colors_info=\u00a0\u00bb{}\u00a0\u00bb][\/et_pb_wc_rating][et_pb_wc_price _builder_version=\u00a0\u00bb4.16&Prime; global_colors_info=\u00a0\u00bb{}\u00a0\u00bb][\/et_pb_wc_price][et_pb_wc_description _builder_version=\u00a0\u00bb4.16&Prime; global_colors_info=\u00a0\u00bb{}\u00a0\u00bb][\/et_pb_wc_description][et_pb_wc_add_to_cart _builder_version=\u00a0\u00bb4.16&Prime; global_colors_info=\u00a0\u00bb{}\u00a0\u00bb][\/et_pb_wc_add_to_cart][et_pb_wc_meta _builder_version=\u00a0\u00bb4.16&Prime; global_colors_info=\u00a0\u00bb{}\u00a0\u00bb][\/et_pb_wc_meta][et_pb_wc_additional_info _builder_version=\u00a0\u00bb4.16&Prime; global_colors_info=\u00a0\u00bb{}\u00a0\u00bb][\/et_pb_wc_additional_info][et_pb_button button_url=\u00a0\u00bbmailto:ecs@ecs49.com\u00a0\u00bb button_text=\u00a0\u00bbNous contacter \u00a0\u00bb _builder_version=\u00a0\u00bb4.24.0&Prime; _module_preset=\u00a0\u00bbdefault\u00a0\u00bb global_module=\u00a0\u00bb714&Prime; global_colors_info=\u00a0\u00bb{}\u00a0\u00bb][\/et_pb_button][\/et_pb_column][\/et_pb_row][\/et_pb_section]<\/p>\n","protected":false},"excerpt":{"rendered":"<div class=\"itemIntroText\">\n<p>PRIX H.T.<\/p>\n<p><strong>AZKF 1025\/145<\/strong> : PTAC 1000 Kgs &#8211; Poids \u00e0 vide 580 Kgs &#8211; Charge utile 420 Kgs\u00a0 &#8211;\u00a0 <strong>AZKF 1325\/145<\/strong> : PTAC 1300 Kgs &#8211; Poids \u00e0 vide 580 Kgs &#8211; Charge utile 720 Kgs. Dimensions utiles 2.43 x 1.44 x h. 1.80m &#8211; Panneaux, portes et toit isol\u00e9s &#8211; Polyester sandwich : \u00e9paisseur de 60mm pour les panneaux et le toit et, de 54mm pour la porte &#8211; Porte arri\u00e8re 2 battants &#8211; Fermeture arri\u00e8re de cellule frigorifique &#8211; Lumi\u00e8re int\u00e9rieure avec interrupteur &#8211; Roue jockey &#8211; Timon en V &#8211; Prise 13 broches &#8211; 4 b\u00e9quilles- Groupe froid Govi WMK4.<\/p>\n<p>Nombreuses options possibles : Marche pied r\u00e9tractable, Etag\u00e8res inox 1 ou 2 modules, rail et crochets de boucherie &#8230;<\/p>\n<\/div>\n<div class=\"itemFullText\">\n<p><img loading=\"lazy\" decoding=\"async\" class=\"alignnone size-medium wp-image-117\" src=\"https:\/\/remorquesjackysoulard.com\/wp-content\/uploads\/2020\/06\/wm-meyer-LOGO-300x85.jpg\" alt=\"\" width=\"300\" height=\"85\" \/><\/p>\n<\/div>\n","protected":false},"featured_media":808,"comment_status":"open","ping_status":"closed","template":"","meta":{"_et_pb_use_builder":"on","_et_pb_old_content":"<div class=\"itemIntroText\">\r\n<div class=\"itemIntroText\">\r\n<div class=\"itemIntroText\">\r\n<div class=\"itemIntroText\">\r\n<div class=\"itemIntroText\">\r\n<div class=\"itemIntroText\">\r\n<div class=\"itemIntroText\">\r\n<div class=\"itemIntroText\">\r\n<div class=\"itemIntroText\">\r\n<div class=\"itemIntroText\">\r\n\r\nLes mod\u00e8les de la <strong>s\u00e9rie AZKF<\/strong> sont id\u00e9als pour des transports frigorifiques. Grand choix de remorques selon le poids, les dimensions, le nombre d'essieu ...\r\n\r\nPossibilit\u00e9 de froid n\u00e9gatif sur certains mod\u00e8les.\r\n\r\n<\/div>\r\n<div class=\"itemFullText\">\r\n\r\nDe nombreuses options sont possibles pour r\u00e9pondre \u00e0 vos besoins.\r\n\r\n<img class=\"alignnone wp-image-115\" src=\"https:\/\/remorquesjackysoulard.com\/wp-content\/uploads\/2020\/06\/wm-meyer-LOGO-1200.jpg\" alt=\"\" width=\"265\" height=\"265\" \/>\r\n\r\n<\/div>\r\n<\/div>\r\n<\/div>\r\n<\/div>\r\n<\/div>\r\n<\/div>\r\n<\/div>\r\n<\/div>\r\n<\/div>\r\n<\/div>","_et_gb_content_width":""},"product_brand":[],"product_cat":[17,23,24,36],"product_tag":[],"class_list":{"0":"post-806","1":"product","2":"type-product","3":"status-publish","4":"has-post-thumbnail","6":"product_cat-remorques","7":"product_cat-remorques-fourgons","8":"product_cat-remorques-refrigerees","9":"product_cat-vetnes-flash","11":"first","12":"instock","13":"taxable","14":"shipping-taxable","15":"purchasable","16":"product-type-simple"},"jetpack_sharing_enabled":true,"_links":{"self":[{"href":"https:\/\/remorquesjackysoulard.com\/index.php\/wp-json\/wp\/v2\/product\/806","targetHints":{"allow":["GET"]}}],"collection":[{"href":"https:\/\/remorquesjackysoulard.com\/index.php\/wp-json\/wp\/v2\/product"}],"about":[{"href":"https:\/\/remorquesjackysoulard.com\/index.php\/wp-json\/wp\/v2\/types\/product"}],"replies":[{"embeddable":true,"href":"https:\/\/remorquesjackysoulard.com\/index.php\/wp-json\/wp\/v2\/comments?post=806"}],"wp:featuredmedia":[{"embeddable":true,"href":"https:\/\/remorquesjackysoulard.com\/index.php\/wp-json\/wp\/v2\/media\/808"}],"wp:attachment":[{"href":"https:\/\/remorquesjackysoulard.com\/index.php\/wp-json\/wp\/v2\/media?parent=806"}],"wp:term":[{"taxonomy":"product_brand","embeddable":true,"href":"https:\/\/remorquesjackysoulard.com\/index.php\/wp-json\/wp\/v2\/product_brand?post=806"},{"taxonomy":"product_cat","embeddable":true,"href":"https:\/\/remorquesjackysoulard.com\/index.php\/wp-json\/wp\/v2\/product_cat?post=806"},{"taxonomy":"product_tag","embeddable":true,"href":"https:\/\/remorquesjackysoulard.com\/index.php\/wp-json\/wp\/v2\/product_tag?post=806"}],"curies":[{"name":"wp","href":"https:\/\/api.w.org\/{rel}","templated":true}]}}