{"id":835,"date":"2021-01-21T11:43:42","date_gmt":"2021-01-21T10:43:42","guid":{"rendered":"https:\/\/remorquesjackysoulard.com\/?post_type=product&#038;p=835"},"modified":"2024-08-12T06:57:43","modified_gmt":"2024-08-12T04:57:43","slug":"betaillere-nugent-ref-l2415s","status":"publish","type":"product","link":"https:\/\/remorquesjackysoulard.com\/index.php\/produit\/betaillere-nugent-ref-l2415s\/","title":{"rendered":"BETAILLERE NUGENT &#8211; REF. L2415S"},"content":{"rendered":"<p>[et_pb_section fb_built=\u00a0\u00bb1&Prime; _builder_version=\u00a0\u00bb3.22&Prime; custom_padding=\u00a0\u00bb0px||||false|false\u00a0\u00bb][et_pb_row _builder_version=\u00a0\u00bb3.25&Prime; background_size=\u00a0\u00bbinitial\u00a0\u00bb background_position=\u00a0\u00bbtop_left\u00a0\u00bb background_repeat=\u00a0\u00bbrepeat\u00a0\u00bb width=\u00a0\u00bb100%\u00a0\u00bb custom_padding=\u00a0\u00bb0px||0px||false|false\u00a0\u00bb][et_pb_column type=\u00a0\u00bb4_4&Prime; _builder_version=\u00a0\u00bb3.25&Prime; custom_padding=\u00a0\u00bb|||\u00a0\u00bb custom_padding__hover=\u00a0\u00bb|||\u00a0\u00bb][et_pb_wc_breadcrumb _builder_version=\u00a0\u00bb3.0.47&Prime;][\/et_pb_wc_breadcrumb][et_pb_wc_cart_notice _builder_version=\u00a0\u00bb3.0.47&Prime; hover_enabled=\u00a0\u00bb0&Prime; sticky_enabled=\u00a0\u00bb0&Prime;][\/et_pb_wc_cart_notice][\/et_pb_column][\/et_pb_row][et_pb_row column_structure=\u00a0\u00bb1_2,1_2&Prime; _builder_version=\u00a0\u00bb3.25&Prime; background_size=\u00a0\u00bbinitial\u00a0\u00bb background_position=\u00a0\u00bbtop_left\u00a0\u00bb background_repeat=\u00a0\u00bbrepeat\u00a0\u00bb width=\u00a0\u00bb100%\u00a0\u00bb custom_padding=\u00a0\u00bb0px||||false|false\u00a0\u00bb][et_pb_column type=\u00a0\u00bb1_2&Prime; _builder_version=\u00a0\u00bb3.25&Prime; custom_padding=\u00a0\u00bb|||\u00a0\u00bb custom_padding__hover=\u00a0\u00bb|||\u00a0\u00bb][et_pb_wc_images _builder_version=\u00a0\u00bb3.0.47&Prime;][\/et_pb_wc_images][\/et_pb_column][et_pb_column type=\u00a0\u00bb1_2&Prime; _builder_version=\u00a0\u00bb3.25&Prime; custom_padding=\u00a0\u00bb|||\u00a0\u00bb custom_padding__hover=\u00a0\u00bb|||\u00a0\u00bb][et_pb_wc_title _builder_version=\u00a0\u00bb3.0.47&Prime;][\/et_pb_wc_title][et_pb_wc_rating _builder_version=\u00a0\u00bb3.0.47&Prime;][\/et_pb_wc_rating][et_pb_wc_price _builder_version=\u00a0\u00bb3.0.47&Prime;][\/et_pb_wc_price][et_pb_wc_description _builder_version=\u00a0\u00bb3.0.47&Prime;][\/et_pb_wc_description][et_pb_wc_add_to_cart _builder_version=\u00a0\u00bb3.0.47&Prime;][\/et_pb_wc_add_to_cart][et_pb_wc_meta _builder_version=\u00a0\u00bb3.0.47&Prime;][\/et_pb_wc_meta][et_pb_button button_url=\u00a0\u00bbmailto:contact@remorquesjackysoulard.com\u00a0\u00bb button_text=\u00a0\u00bbNous contacter \u00a0\u00bb _builder_version=\u00a0\u00bb4.7.4&Prime; _module_preset=\u00a0\u00bbdefault\u00a0\u00bb global_module=\u00a0\u00bb714&Prime;][\/et_pb_button][\/et_pb_column][\/et_pb_row][et_pb_row _builder_version=\u00a0\u00bb3.25&Prime; background_size=\u00a0\u00bbinitial\u00a0\u00bb background_position=\u00a0\u00bbtop_left\u00a0\u00bb background_repeat=\u00a0\u00bbrepeat\u00a0\u00bb width=\u00a0\u00bb100%\u00a0\u00bb][et_pb_column type=\u00a0\u00bb4_4&Prime; _builder_version=\u00a0\u00bb3.25&Prime; custom_padding=\u00a0\u00bb|||\u00a0\u00bb custom_padding__hover=\u00a0\u00bb|||\u00a0\u00bb][et_pb_wc_tabs _builder_version=\u00a0\u00bb3.0.47&Prime;] [\/et_pb_wc_tabs][et_pb_wc_upsells _builder_version=\u00a0\u00bb3.0.47&Prime;][\/et_pb_wc_upsells][et_pb_wc_related_products _builder_version=\u00a0\u00bb3.0.47&Prime;][\/et_pb_wc_related_products][\/et_pb_column][\/et_pb_row][\/et_pb_section]<\/p>\n","protected":false},"excerpt":{"rendered":"<p>&nbsp;<\/p>\n<p>&nbsp;<\/p>\n<div class=\"itemIntroText\">\n<p><strong>PRIX H.T.<\/strong><\/p>\n<p>PTAC 2000 Kgs &#8211; Poids \u00e0 vide 770 Kgs &#8211; Charge utile 1230 Kgs &#8211; Pont simple &#8211; Pneumatiques 165\/R13C &#8211; Feux LED &#8211; Vantaux rabattables &#8211; Stabilisateur de suspensions &#8211; Roue jockey renforc\u00e9e &#8211; Roue de secours et son support &#8211; OPTIONS PRESENTES SUR CE MODELE : 1 s\u00e9paration transversale<\/p>\n<\/div>\n<div class=\"itemFullText\">\n<p><img loading=\"lazy\" decoding=\"async\" class=\"alignnone size-full wp-image-722\" src=\"https:\/\/remorquesjackysoulard.com\/wp-content\/uploads\/2020\/12\/NUGENT.jpg\" alt=\"\" width=\"200\" height=\"36\" \/><\/p>\n<\/div>\n","protected":false},"featured_media":836,"comment_status":"open","ping_status":"closed","template":"","meta":{"_et_pb_use_builder":"on","_et_pb_old_content":"Originaire d'un milieu agricole, la famille NUGENT a con\u00e7u la gamme B\u00e9taill\u00e8re en prenant en consid\u00e9ration la difficult\u00e9 de transporter des animaux vivants et puissants et le tout sur des routes en milieu rural souvent d\u00e9licates et accident\u00e9es.\r\n\r\nSur une base d'un ch\u00e2ssis m\u00e9cano-soud\u00e9 galvanis\u00e9, elles sont construites avec une armature avant et arri\u00e8re et une armature de toit. Cela assure une r\u00e9sistance optimale. Les panneaux lat\u00e9raux pli\u00e9s offrent une solidit\u00e9 accrue. En plus d'une s\u00e9paration en acier robuste, le ch\u00e2ssis en acier de la remorque est enti\u00e8rement galvanis\u00e9 \u00e0 chaud.\r\n\r\nLa conception unique des vantaux rabattables \u00e0 l'avant facilite la circulation de l'air \u00e0 travers la remorque, r\u00e9duisant le tirage en marche et offrant une qualit\u00e9 meilleure de remorquage. Avec une vari\u00e9t\u00e9 de b\u00e9taill\u00e8res allant de 2.5 \u00e0 4.3m, NUGENT a une choix de remorque pour chaque besoin sp\u00e9cifique.\r\n\r\nElles sont dot\u00e9es d'une homologation europ\u00e9enne compl\u00e8te (ECWVTA).\r\n\r\n<img class=\"alignnone size-full wp-image-723\" src=\"https:\/\/remorquesjackysoulard.com\/wp-content\/uploads\/2020\/12\/NUGENT-1.jpg\" alt=\"\" width=\"200\" height=\"36\" \/>","_et_gb_content_width":""},"product_brand":[],"product_cat":[37],"product_tag":[],"class_list":{"0":"post-835","1":"product","2":"type-product","3":"status-publish","4":"has-post-thumbnail","6":"product_cat-betaillere","8":"first","9":"instock","10":"taxable","11":"shipping-taxable","12":"purchasable","13":"product-type-simple"},"jetpack_sharing_enabled":true,"_links":{"self":[{"href":"https:\/\/remorquesjackysoulard.com\/index.php\/wp-json\/wp\/v2\/product\/835","targetHints":{"allow":["GET"]}}],"collection":[{"href":"https:\/\/remorquesjackysoulard.com\/index.php\/wp-json\/wp\/v2\/product"}],"about":[{"href":"https:\/\/remorquesjackysoulard.com\/index.php\/wp-json\/wp\/v2\/types\/product"}],"replies":[{"embeddable":true,"href":"https:\/\/remorquesjackysoulard.com\/index.php\/wp-json\/wp\/v2\/comments?post=835"}],"wp:featuredmedia":[{"embeddable":true,"href":"https:\/\/remorquesjackysoulard.com\/index.php\/wp-json\/wp\/v2\/media\/836"}],"wp:attachment":[{"href":"https:\/\/remorquesjackysoulard.com\/index.php\/wp-json\/wp\/v2\/media?parent=835"}],"wp:term":[{"taxonomy":"product_brand","embeddable":true,"href":"https:\/\/remorquesjackysoulard.com\/index.php\/wp-json\/wp\/v2\/product_brand?post=835"},{"taxonomy":"product_cat","embeddable":true,"href":"https:\/\/remorquesjackysoulard.com\/index.php\/wp-json\/wp\/v2\/product_cat?post=835"},{"taxonomy":"product_tag","embeddable":true,"href":"https:\/\/remorquesjackysoulard.com\/index.php\/wp-json\/wp\/v2\/product_tag?post=835"}],"curies":[{"name":"wp","href":"https:\/\/api.w.org\/{rel}","templated":true}]}}